{"id":248,"date":"2018-01-28T08:57:07","date_gmt":"2018-01-28T08:57:07","guid":{"rendered":"http:\/\/localhost\/initiative\/?page_id=248"},"modified":"2022-09-29T20:51:32","modified_gmt":"2022-09-29T20:51:32","slug":"ueber-uns","status":"publish","type":"page","link":"https:\/\/boldt-project.com\/?page_id=248","title":{"rendered":"\u00dcber Uns"},"content":{"rendered":"[vc_row css=&#8220;.vc_custom_1517148340007{padding-top: 80px !important;padding-bottom: 80px !important;}&#8220;][vc_column]                <div class=\"title-subtitle-wrap \">\r\n        \t<div class=\"tagline-message darkcolor text-center\">\r\n                <h3 style=\"color: #141414\">Entdecken Sie die Boldt project management GmbH<\/h3>\r\n            <\/div>\r\n                    <\/div>\r\n        [vc_row_inner][vc_column_inner width=&#8220;1\/2&#8243; css=&#8220;.vc_custom_1517147520189{margin-top: 0px !important;margin-bottom: 0px !important;}&#8220;][vc_column_text css=&#8220;.vc_custom_1664484688791{margin-top: 0px !important;margin-bottom: 0px !important;}&#8220;]<img loading=\"lazy\" decoding=\"async\" class=\" wp-image-772 alignleft\" src=\"https:\/\/boldt-project.com\/wp-content\/uploads\/2022\/09\/BFP_CarstenBoldt_2016-07-15_131-300x267.png\" alt=\"\" width=\"428\" height=\"381\" srcset=\"https:\/\/boldt-project.com\/wp-content\/uploads\/2022\/09\/BFP_CarstenBoldt_2016-07-15_131-300x267.png 300w, https:\/\/boldt-project.com\/wp-content\/uploads\/2022\/09\/BFP_CarstenBoldt_2016-07-15_131-1024x911.png 1024w, https:\/\/boldt-project.com\/wp-content\/uploads\/2022\/09\/BFP_CarstenBoldt_2016-07-15_131-768x683.png 768w, https:\/\/boldt-project.com\/wp-content\/uploads\/2022\/09\/BFP_CarstenBoldt_2016-07-15_131-1536x1366.png 1536w, https:\/\/boldt-project.com\/wp-content\/uploads\/2022\/09\/BFP_CarstenBoldt_2016-07-15_131-2048x1821.png 2048w, https:\/\/boldt-project.com\/wp-content\/uploads\/2022\/09\/BFP_CarstenBoldt_2016-07-15_131-600x534.png 600w\" sizes=\"auto, (max-width: 428px) 100vw, 428px\" \/>[\/vc_column_text][\/vc_column_inner][vc_column_inner width=&#8220;1\/2&#8243; css=&#8220;.vc_custom_1517147359478{padding-left: 30px !important;}&#8220;][vc_column_text]<h2 class=\"ts-heading ts-heading-style-2 ts-heading-align-left\" style=\"margin-top:0px; margin-bottom:20px; font-size: 34px; text-transform: capitalize; color: #141414; letter-spacing: 0px; \"><span class=\"ts-heading-inner\">Wir sind die Boldt project management GmbH<\/span><\/h2>\n<p>Unser Name steht seit der Firmengr\u00fcndung im Jahr 1996 als einer der ersten GmbH\u00b4s im Segment Baumanagement f\u00fcr die notwendige und wichtige Terminzuverl\u00e4ssigkeit, Qualit\u00e4t.- und Kostensicherheit auf Baustellen, mit denen wir seitjeher unsere Bauprojekte beplanen und wirtschaftlich managen.<\/p>\n<p>In nunmehr fast 30 Jahren Branchenerfahrung konnten wir ein vielseitiges Netzwerk von verschiedenen Partnern im Baugewerbe festigen, sodass wir bei fast allen Fragen einen geeigneten Fachmann als Gutachter im Netzwerk besitzen, welches aus Fachplanern, Architekten, Designern, Fachingenieuren, Statikern, und Fachgutachtern besteht. Diese Managementerfahrung wird durch gewerk\u00fcbergreifende Erfahrungen und Kompetenzen in allen Leistungsphasen eines Projektes so unterst\u00fctzt das wirtschaftliche und umsetzbare Grundlagen entstehen. Dies versetzt unsere Auftraggebern und Bauherren in die Lage, Partner zu kennen die wirtschaftlichen L\u00f6sungen bei Neubauten, Sanierungs-, Modernisierungs- und Instandsetzungsprojekten einsch\u00e4tzen und in die Praxis wissen entsprechend umzusetzen.[\/vc_column_text][\/vc_column_inner][\/vc_row_inner][\/vc_column][\/vc_row][vc_row][vc_column]\t\t\t<!-- Cool Timeline Free V3.3.1 -->\n\t\t\t<div class=\"ctl-wrapper\" role=\"region\" aria-label=\"Timeline\">\n\t\t\t\t<div class=\"ctl-before-content\"><div class=\"timeline-main-title\"><h2>Timeline<\/h2><\/div><\/div>\t\t\t\t<div id=\"cool_timeline_1\" class=\"cool-timeline-wrapper ctl-both-sided ctl-vertical-wrapper ctl-clean-skin\" >\n\t\t\t\t\t<div class=\"ctl-start\"><\/div>\n\t\t\t\t\t<!-- Timeline Container -->\n\t\t\t\t\t<div class=\"ctl-timeline ctl-timeline-container\" data-animation=\"none\">\n\t\t\t\t\t\t<!-- Center Line -->\n\t\t\t\t\t\t<div class=\"ctl-inner-line\" role=\"presentation\"><\/div>\n\t\t\t\t\t\t\t\t\t\t\t\t<!-- Story Year Section --><div data-cls=\"sc-nv-light vertical\" class=\"timeline-year scrollable-section ctl-year ctl-year-container light-year\" data-section-title=\"2022\" id=\"year-2022\"><div class=\"ctl-year-label ctl-year-text\"><span>2022<\/span><\/div><\/div><!-- Timeline Content --><div  id=\"ctl-story-779\" class=\"ctl-story ctl-story-icon odd ctl-story-right\" data-aos=\"none\"   data-story-index=\"1\" role=\"article\"><!-- Story Date --><div class=\"ctl-labels\"><div class=\"ctl-label-big story-date\">Juni 14<\/div><\/div><!-- Story Icon --><div class=\"ctl-icon\"><i class=\"fa fa-clock-o\" aria-hidden=\"true\"><\/i><\/div> <!-- Story Content --><div class=\"ctl-content\"><!-- Story Title --><div class=\"ctl-title story-779\" aria-label=\"2\"><a target=\"_self\" title=\"Pricese Hotels&#038;Resorts Grand Open\" href=\"https:\/\/boldt-project.com\/?cool_timeline=pricese-hotelsresorts-grand-open\" class=\"story-link\">Pricese Hotels&#038;Resorts Grand Open<\/a><\/div><\/div><\/div><!-- Story Year Section --><div data-cls=\"sc-nv-light vertical\" class=\"timeline-year scrollable-section ctl-year ctl-year-container light-year\" data-section-title=\"2021\" id=\"year-2021\"><div class=\"ctl-year-label ctl-year-text\"><span>2021<\/span><\/div><\/div><!-- Timeline Content --><div  id=\"ctl-story-763\" class=\"ctl-story ctl-story-icon even ctl-story-left\" data-aos=\"none\"   data-story-index=\"2\" role=\"article\"><!-- Story Date --><div class=\"ctl-labels\"><div class=\"ctl-label-big story-date\">Oktober 21<\/div><\/div><!-- Story Icon --><div class=\"ctl-icon\"><i class=\"fa fa-clock-o\" aria-hidden=\"true\"><\/i><\/div> <!-- Story Content --><div class=\"ctl-content\"><!-- Story Title --><div class=\"ctl-title story-763\" aria-label=\"2\"><a target=\"_self\" title=\"Bau\u00fcberwachung des BV: Continental, Hannover, Umbau Lagergeb\u00e4ude 40\" href=\"https:\/\/boldt-project.com\/?cool_timeline=bauueberwachung-des-bv-continental-hannover-umbau-lagergebaeude-40\" class=\"story-link\">Bau\u00fcberwachung des BV: Continental, Hannover, Umbau Lagergeb\u00e4ude 40<\/a><\/div><\/div><\/div><!-- Story Year Section --><div data-cls=\"sc-nv-light vertical\" class=\"timeline-year scrollable-section ctl-year ctl-year-container light-year\" data-section-title=\"2020\" id=\"year-2020\"><div class=\"ctl-year-label ctl-year-text\"><span>2020<\/span><\/div><\/div><!-- Timeline Content --><div  id=\"ctl-story-762\" class=\"ctl-story ctl-story-icon odd ctl-story-right\" data-aos=\"none\"   data-story-index=\"3\" role=\"article\"><!-- Story Date --><div class=\"ctl-labels\"><div class=\"ctl-label-big story-date\">Juli 15<\/div><\/div><!-- Story Icon --><div class=\"ctl-icon\"><i class=\"fa fa-clock-o\" aria-hidden=\"true\"><\/i><\/div> <!-- Story Content --><div class=\"ctl-content\"><!-- Story Title --><div class=\"ctl-title story-762\" aria-label=\"2\"><a target=\"_self\" title=\"Abschluss Wohnprojekte in N\u00fcrnberg\" href=\"https:\/\/boldt-project.com\/?cool_timeline=abschluss-grossprojekt-ohm-gaerten-in-erlangen\" class=\"story-link\">Abschluss Wohnprojekte in N\u00fcrnberg<\/a><\/div><\/div><\/div><!-- Story Year Section --><div data-cls=\"sc-nv-light vertical\" class=\"timeline-year scrollable-section ctl-year ctl-year-container light-year\" data-section-title=\"2014\" id=\"year-2014\"><div class=\"ctl-year-label ctl-year-text\"><span>2014<\/span><\/div><\/div><!-- Timeline Content --><div  id=\"ctl-story-768\" class=\"ctl-story ctl-story-icon even ctl-story-left\" data-aos=\"none\"   data-story-index=\"4\" role=\"article\"><!-- Story Date --><div class=\"ctl-labels\"><div class=\"ctl-label-big story-date\">September 24<\/div><\/div><!-- Story Icon --><div class=\"ctl-icon\"><i class=\"fa fa-clock-o\" aria-hidden=\"true\"><\/i><\/div> <!-- Story Content --><div class=\"ctl-content\"><!-- Story Title --><div class=\"ctl-title story-768\" aria-label=\"2\"><a target=\"_self\" title=\"Gr\u00fcndung Boldt project management GmbH und Hospitality project management GmbH in Leipzig\" href=\"https:\/\/boldt-project.com\/?cool_timeline=gruendung-boldt-project-management-gmbh-und-hospitality-project-management-gmbh\" class=\"story-link\">Gr\u00fcndung Boldt project management GmbH und Hospitality project management GmbH in Leipzig<\/a><\/div><\/div><\/div><!-- Story Year Section --><div data-cls=\"sc-nv-light vertical\" class=\"timeline-year scrollable-section ctl-year ctl-year-container light-year\" data-section-title=\"2012\" id=\"year-2012\"><div class=\"ctl-year-label ctl-year-text\"><span>2012<\/span><\/div><\/div><!-- Timeline Content --><div  id=\"ctl-story-767\" class=\"ctl-story ctl-story-icon odd ctl-story-right\" data-aos=\"none\"   data-story-index=\"5\" role=\"article\"><!-- Story Date --><div class=\"ctl-labels\"><div class=\"ctl-label-big story-date\">September 2<\/div><\/div><!-- Story Icon --><div class=\"ctl-icon\"><i class=\"fa fa-clock-o\" aria-hidden=\"true\"><\/i><\/div> <!-- Story Content --><div class=\"ctl-content\"><!-- Story Title --><div class=\"ctl-title story-767\" aria-label=\"2\"><a target=\"_self\" title=\"Zweigniederlassungen in Hamburg, D\u00fcsseldorf, M\u00fcnchen und Luzern (Schweiz)\" href=\"https:\/\/boldt-project.com\/?cool_timeline=unselbstaendige-zweig-stellen-in-hamburg-leipzig-duesseldorf-muenchen-und-luzern-schweiz\" class=\"story-link\">Zweigniederlassungen in Hamburg, D\u00fcsseldorf, M\u00fcnchen und Luzern (Schweiz)<\/a><\/div><\/div><\/div><!-- Timeline Content --><div  id=\"ctl-story-776\" class=\"ctl-story ctl-story-icon even ctl-story-left\" data-aos=\"none\"   data-story-index=\"6\" role=\"article\"><!-- Story Date --><div class=\"ctl-labels\"><div class=\"ctl-label-big story-date\">September 2<\/div><\/div><!-- Story Icon --><div class=\"ctl-icon\"><i class=\"fa fa-clock-o\" aria-hidden=\"true\"><\/i><\/div> <!-- Story Content --><div class=\"ctl-content\"><!-- Story Title --><div class=\"ctl-title story-776\" aria-label=\"2\"><a target=\"_self\" title=\"Volkswagen &#038; MAN Bus und Truck\" href=\"https:\/\/boldt-project.com\/?cool_timeline=volkswage-man-bus-uns-truck\" class=\"story-link\">Volkswagen &#038; MAN Bus und Truck<\/a><\/div><\/div><\/div><!-- Story Year Section --><div data-cls=\"sc-nv-light vertical\" class=\"timeline-year scrollable-section ctl-year ctl-year-container light-year\" data-section-title=\"2006\" id=\"year-2006\"><div class=\"ctl-year-label ctl-year-text\"><span>2006<\/span><\/div><\/div><!-- Timeline Content --><div  id=\"ctl-story-771\" class=\"ctl-story ctl-story-icon odd ctl-story-right\" data-aos=\"none\"   data-story-index=\"7\" role=\"article\"><!-- Story Date --><div class=\"ctl-labels\"><div class=\"ctl-label-big story-date\">September 3<\/div><\/div><!-- Story Icon --><div class=\"ctl-icon\"><i class=\"fa fa-clock-o\" aria-hidden=\"true\"><\/i><\/div> <!-- Story Content --><div class=\"ctl-content\"><!-- Story Title --><div class=\"ctl-title story-771\" aria-label=\"2\"><a target=\"_self\" title=\"Accor Hospitality Deutschland GmbH\" href=\"https:\/\/boldt-project.com\/?cool_timeline=bauleitung-accor-hospitality\" class=\"story-link\">Accor Hospitality Deutschland GmbH<\/a><\/div><\/div><\/div><!-- Timeline Content --><div  id=\"ctl-story-777\" class=\"ctl-story ctl-story-icon even ctl-story-left\" data-aos=\"none\"   data-story-index=\"8\" role=\"article\"><!-- Story Date --><div class=\"ctl-labels\"><div class=\"ctl-label-big story-date\">Mai 10<\/div><\/div><!-- Story Icon --><div class=\"ctl-icon\"><i class=\"fa fa-clock-o\" aria-hidden=\"true\"><\/i><\/div> <!-- Story Content --><div class=\"ctl-content\"><!-- Story Title --><div class=\"ctl-title story-777\" aria-label=\"2\"><a target=\"_self\" title=\"Deichwelle Schwimmbad Neuwied\" href=\"https:\/\/boldt-project.com\/?cool_timeline=deichwelle-schwimmbad-neuwied\" class=\"story-link\">Deichwelle Schwimmbad Neuwied<\/a><\/div><\/div><\/div><!-- Story Year Section --><div data-cls=\"sc-nv-light vertical\" class=\"timeline-year scrollable-section ctl-year ctl-year-container light-year\" data-section-title=\"2000\" id=\"year-2000\"><div class=\"ctl-year-label ctl-year-text\"><span>2000<\/span><\/div><\/div><!-- Timeline Content --><div  id=\"ctl-story-778\" class=\"ctl-story ctl-story-icon odd ctl-story-right\" data-aos=\"none\"   data-story-index=\"9\" role=\"article\"><!-- Story Date --><div class=\"ctl-labels\"><div class=\"ctl-label-big story-date\">November 9<\/div><\/div><!-- Story Icon --><div class=\"ctl-icon\"><i class=\"fa fa-clock-o\" aria-hidden=\"true\"><\/i><\/div> <!-- Story Content --><div class=\"ctl-content\"><!-- Story Title --><div class=\"ctl-title story-778\" aria-label=\"2\"><a target=\"_self\" title=\"Stadtwerke &#8211; Versicherungen &#8211; Banken &#8211; Caritativ Einrichtungen\" href=\"https:\/\/boldt-project.com\/?cool_timeline=stadtwerke-versicherungen-banken-caritativ-einrichtungen\" class=\"story-link\">Stadtwerke &#8211; Versicherungen &#8211; Banken &#8211; Caritativ Einrichtungen<\/a><\/div><\/div><\/div><!-- Timeline Content --><div  id=\"ctl-story-761\" class=\"ctl-story ctl-story-icon even ctl-story-left\" data-aos=\"none\"   data-story-index=\"10\" role=\"article\"><!-- Story Date --><div class=\"ctl-labels\"><div class=\"ctl-label-big story-date\">Februar 3<\/div><\/div><!-- Story Icon --><div class=\"ctl-icon\"><i class=\"fa fa-clock-o\" aria-hidden=\"true\"><\/i><\/div> <!-- Story Content --><div class=\"ctl-content\"><!-- Story Title --><div class=\"ctl-title story-761\" aria-label=\"2\"><a target=\"_self\" title=\"Koordinator f\u00fcr Sicherheit und Gesundheitsschutz auf Baustellen in Koblenz und M\u00fcnchen\" href=\"https:\/\/boldt-project.com\/?cool_timeline=koordinator-fuer-sicherheit-und-gesundheitsschutz-auf-baustellen\" class=\"story-link\">Koordinator f\u00fcr Sicherheit und Gesundheitsschutz auf Baustellen in Koblenz und M\u00fcnchen<\/a><\/div><\/div><\/div>\t\t\t\t\t<\/div>\n\t\t\t\t\t<div class=\"ctl-end\"><\/div>\n\t\t\t\t\t<nav class=\"ctl-pagination\" aria-label=\"Timeline Navigation\"><span class=\"page-numbers ctl-page-num\" role=\"status\"> Page 1 of 2<\/span> <span aria-label=\"Seite 1\" aria-current=\"page\" class=\"page-numbers current\">1<\/span>\n<a aria-label=\"Seite 2\" class=\"page-numbers\" href=\"https:\/\/boldt-project.com\/index.php?rest_route=%2Fwp%2Fv2%2Fpages%2F248&#038;paged=2\">2<\/a>\n<a class=\"next page-numbers\" href=\"https:\/\/boldt-project.com\/index.php?rest_route=%2Fwp%2Fv2%2Fpages%2F248&#038;paged=2\"><svg xmlns=\"http:\/\/www.w3.org\/2000\/svg\" height=\"1em\" viewBox=\"0 0 448 512\">\n\t\t\t\t<path d=\"M224.3 273l-136 136c-9.4 9.4-24.6 9.4-33.9 0l-22.6-22.6c-9.4-9.4-9.4-24.6 0-33.9l96.4-96.4-96.4-96.4c-9.4-9.4-9.4-24.6 0-33.9L54.3 103c9.4-9.4 24.6-9.4 33.9 0l136 136c9.5 9.4 9.5 24.6.1 34zm192-34l-136-136c-9.4-9.4-24.6-9.4-33.9 0l-22.6 22.6c-9.4 9.4-9.4 24.6 0 33.9l96.4 96.4-96.4 96.4c-9.4 9.4-9.4 24.6 0 33.9l22.6 22.6c9.4 9.4 24.6 9.4 33.9 0l136-136c9.4-9.2 9.4-24.4 0-33.8z\"\/>\n\t\t\t\t<\/svg><\/a><\/nav>\t\t\t\t<\/div>\n\t\t\t<\/div>\n\t\t\t[\/vc_column][\/vc_row]\n","protected":false},"excerpt":{"rendered":"<p>[vc_row css=&#8220;.vc_custom_1517148340007{padding-top: 80px !important;padding-bottom: 80px !important;}&#8220;][vc_column][vc_row_inner][vc_column_inner width=&#8220;1\/2&#8243; css=&#8220;.vc_custom_1517147520189{margin-top: 0px !important;margin-bottom:<a class=\"read-more\" href=\"https:\/\/boldt-project.com\/?cool_timeline=koordinator-fuer-sicherheit-und-gesundheitsschutz-auf-baustellen\">&#8230;<\/a><\/p>\n","protected":false},"author":1,"featured_media":0,"parent":0,"menu_order":0,"comment_status":"closed","ping_status":"closed","template":"","meta":{"footnotes":""},"class_list":["post-248","page","type-page","status-publish","hentry"],"_links":{"self":[{"href":"https:\/\/boldt-project.com\/index.php?rest_route=\/wp\/v2\/pages\/248","targetHints":{"allow":["GET"]}}],"collection":[{"href":"https:\/\/boldt-project.com\/index.php?rest_route=\/wp\/v2\/pages"}],"about":[{"href":"https:\/\/boldt-project.com\/index.php?rest_route=\/wp\/v2\/types\/page"}],"author":[{"embeddable":true,"href":"https:\/\/boldt-project.com\/index.php?rest_route=\/wp\/v2\/users\/1"}],"replies":[{"embeddable":true,"href":"https:\/\/boldt-project.com\/index.php?rest_route=%2Fwp%2Fv2%2Fcomments&post=248"}],"version-history":[{"count":12,"href":"https:\/\/boldt-project.com\/index.php?rest_route=\/wp\/v2\/pages\/248\/revisions"}],"predecessor-version":[{"id":774,"href":"https:\/\/boldt-project.com\/index.php?rest_route=\/wp\/v2\/pages\/248\/revisions\/774"}],"wp:attachment":[{"href":"https:\/\/boldt-project.com\/index.php?rest_route=%2Fwp%2Fv2%2Fmedia&parent=248"}],"curies":[{"name":"wp","href":"https:\/\/api.w.org\/{rel}","templated":true}]}}