{"id":630,"date":"2022-01-22T14:24:07","date_gmt":"2022-01-22T14:24:07","guid":{"rendered":"https:\/\/boldt-project.com\/?page_id=630"},"modified":"2022-10-24T08:19:00","modified_gmt":"2022-10-24T08:19:00","slug":"leistungen","status":"publish","type":"page","link":"https:\/\/boldt-project.com\/?page_id=630","title":{"rendered":"Leistungen"},"content":{"rendered":"[vc_row][vc_column][vc_column_text]\n<h1 style=\"text-align: left;\">Projektmanagement, Controlling und Bauleitung<\/h1>\n<p>Wir bedienen uns gr\u00f6\u00dftenteils externen Gutachtern, Fachplanern, Baumanagern und Projektleitern aus unserem engen Netzwerk, um alle Gr\u00f6\u00dfenordnungen, die das Bauwerk und die Bauma\u00dfnahme t\u00e4glich an uns stellt, erf\u00fcllen zu k\u00f6nnen. Hierzu stehen wir Ihnen in s\u00e4mtlichen Bauleistungsphasen der HOAI und VOB sowie DIN-Normen als kompetenter, sachlicher und fachlicher Ansprechpartner zur Seite. Durch unsere langj\u00e4hrige Erfahrung sichern wir Ihnen auch in diesen Gesch\u00e4ftsbereichen stets, immer ein wirtschaftlich ausgeglichenes Verh\u00e4ltnis zwischen Zeit, Kosten, Qualit\u00e4ten und Nutzen durch unser europaweit agierendes Lieferantennetzwerk.<\/p>\n<h1>Ausschreibung Vergabe Abrechnung &#8211; AVA<\/h1>\n<p>Wir \u00fcbernehmen im Rahmen einer Beauftragung auf Wunsch die vollst\u00e4ndige Ausschreibung von allen Leistungen und Gewerken Ihres geplanten Projektes. Dabei bedienen wir uns gepr\u00fcfter Ausschreibungsverfahren unter Einhaltung der VOB, VOF und der a.a.R.d.T und deren DIN Normen, um jeglichen Rechtsspielr\u00e4ume bei der Vergabe und Beauftragung von Dienstleistern und Gewerken des Bauhauptgewerbes auszuschlie\u00dfen. Die jeweiligen Kostensch\u00e4tzungen werden j\u00e4hrlich an die Praxis orientiert und angepasst. Die Vergaben k\u00f6nnen mit unseren Mustervertr\u00e4gen oder auch mit zugeschnittenen Vertragsentw\u00fcrfen der im Netzwerk befindlichen Rechtsanwaltskanzleien er\u00f6rtert werden.<\/p>\n<h1>SIGEKO by Boldt project management GmbH<\/h1>\n<p>Mit unserer Beauftragung erhalten Auftraggeber die Rechtssicherheit, die Sie im Rahmen der auf der Baustelle anzuwendenden Sicherheitsgesetze und Normen ben\u00f6tigen. Hierzu z\u00e4hlt die Beratung \u00fcber die sicherheitstechnischen Einrichtungen in der Vor-, Entwurfs- und Werkplanung, die Beratung bei jeder Terminplanung f\u00fcr gleichzeitig genutzte sicherheitstechnische Einrichtungen. Die Analysen der Ausschreibung sowie der zus\u00e4tzlichen technischen Vertragsbedingungen f\u00fcr Vertragsgrundlagen und die Ausarbeitung eines Sicherheits- und Gesundheitsschutzplans (SiGe-Plan). Die Zusammenstellung einer Unterlage f\u00fcr sp\u00e4tere Wartungs- und Instandsetzungsarbeiten und den entsprechenden Revisionsunterlagen zum Facility Management runden unser Dienstleistungsangebot vollst\u00e4ndig ab.<\/p>\n<h1>Technische Geb\u00e4udeausr\u00fcstung &#8211; TDD<\/h1>\n<p>Geb\u00e4udetechnische Anlagen werden immer komplexer und ihr Anteil an der Investitionssumme eines Bauvorhabens steigt st\u00e4ndig mit den Anforderungen an Energieressourcen der Bauma\u00dfnahmen. Gleicherma\u00dfen steigen die sp\u00e4teren Anforderungen an die Planung, Ausf\u00fchrung und deren sp\u00e4teren Betreuung dieser Anlagen. Die effiziente Planung, Montage und Bereitstellung der technischen Geb\u00e4udeausr\u00fcstung von der Boldt project management GmbH schafft Sicherheit bei einem gleichzeitig optimierten Kosten- und Ertragsverh\u00e4ltnis, um die k\u00fcnftige Wirtschaftlichkeit Ihres Geb\u00e4udes zu sichern.<\/p>\n<p>Wir planen und realisieren f\u00fcr Sie auch anspruchsvolle geb\u00e4udetechnische Anlagen in den allen Gewerken der Haustechnik, Energietechnik, IT- und Telekommunikationstechnik, Geb\u00e4udeleittechnik, Industrieanlagen und Alternativenergien. Setzen Sie immer auf einen starken und innovativen Partner, der den Markt und die damit verbundenen Neuheiten vollumf\u00e4nglich erkennt und die f\u00fcr Sie optimalen Schwellenwerte erkennt und umsetzt.<\/p>\n<h1>Human Ressources &#8211; Facility Management<\/h1>\n<p>Wenn alle Rahmenbedingungen auf den Mitarbeiter optimal abgestimmt sind, erh\u00f6hen sich seine Produktivit\u00e4t, Leistungsf\u00e4higkeit und Motivation. So geht es beim dem Facility Management um eine kostenorientierte Bewirtschaftung von Liegenschaften und Geb\u00e4uden aber vor allem um menschliche arbeitsmedizinische Faktoren. Diese Instrumente bringen wir bei verschiedenen Gutachten und Due Diligence zum Einsatz.<\/p>\n<h1>Facility Management &#8211; Dui Diligence Beratung<\/h1>\n<p>Unsere FM-Leistungen haben zum Ziel, Geb\u00e4ude kosteng\u00fcnstig zu bewirtschaften und zugleich optimale Bedingungen f\u00fcr die darin arbeitenden Menschen zu schaffen. \u00dcbergeordnete Aufgaben des FM sind es, die Immobilien als strategische Ressource in den Gesamtprozess des Unternehmens zu integrieren. Facility Management ist somit ein unternehmerisch gepr\u00e4gter Wertsch\u00f6pfungsprozess, mit der Zielsetzung, durch integrale Planung, Bewirtschaftung und Controlling von Geb\u00e4uden, Anlagen und Einrichtungen eine optimierte Nutzungsqualit\u00e4t zu erreichen, die gleicherma\u00dfen die Arbeitsproduktivit\u00e4t und Kapitalrentabilit\u00e4t steigert.<\/p>\n<h1>Green Building &#8211; Wirtschaftlichkeitsermittlung<\/h1>\n<p style=\"text-align: left;\">Nachhaltiges Bauen ist heute ein Thema, an dem kein Entscheider aus der Bau- oder Immobilienbranche mehr vorbeikommt. Um die Effizienz der Geb\u00e4udeh\u00fclle zu steigern, integrieren wir Hochleistungsfenster und D\u00e4mmstoffe in W\u00e4nden, D\u00e4chern und B\u00f6den. Eine weitere Strategie ist die Einbindung von passiver Sonnenenergie. Die Planung von Fenstern, W\u00e4nden, \u00f6rtlichen Sonnensegeln, Vord\u00e4chern und B\u00e4umen orientiert sich dabei an dem Anspruch, Fenster und D\u00e4cher f\u00fcr die Sommermonate m\u00f6glichst in beschatteten Arealen zu platzieren, w\u00e4hrend in den Wintermonaten ein maximaler Gewinn an Sonnenenergie erzielt werden soll.<\/p>\n<p style=\"text-align: left;\">Hinzu kommt, dass das effektive Platzieren von Fenstern, die Bereitstellung von mehr Tageslicht und dadurch die verringerte Nutzung von elektrischem Licht w\u00e4hrend des Tages erm\u00f6glicht. Der Einbau solarbetriebener Wasserheizungen kann zudem die Energiebelastung erheblich reduzieren und somit langfristig zu einer erheblichen Senkung des Energieverbrauchs f\u00fchren.<\/p>\n[\/vc_column_text][\/vc_column][\/vc_row]\n","protected":false},"excerpt":{"rendered":"<p>[vc_row][vc_column][vc_column_text] Projektmanagement, Controlling und Bauleitung Wir bedienen uns gr\u00f6\u00dftenteils externen<a class=\"read-more\" href=\"https:\/\/boldt-project.com\/?page_id=630\">&#8230;<\/a><\/p>\n","protected":false},"author":1,"featured_media":0,"parent":0,"menu_order":0,"comment_status":"closed","ping_status":"closed","template":"","meta":{"footnotes":""},"class_list":["post-630","page","type-page","status-publish","hentry"],"_links":{"self":[{"href":"https:\/\/boldt-project.com\/index.php?rest_route=\/wp\/v2\/pages\/630","targetHints":{"allow":["GET"]}}],"collection":[{"href":"https:\/\/boldt-project.com\/index.php?rest_route=\/wp\/v2\/pages"}],"about":[{"href":"https:\/\/boldt-project.com\/index.php?rest_route=\/wp\/v2\/types\/page"}],"author":[{"embeddable":true,"href":"https:\/\/boldt-project.com\/index.php?rest_route=\/wp\/v2\/users\/1"}],"replies":[{"embeddable":true,"href":"https:\/\/boldt-project.com\/index.php?rest_route=%2Fwp%2Fv2%2Fcomments&post=630"}],"version-history":[{"count":9,"href":"https:\/\/boldt-project.com\/index.php?rest_route=\/wp\/v2\/pages\/630\/revisions"}],"predecessor-version":[{"id":784,"href":"https:\/\/boldt-project.com\/index.php?rest_route=\/wp\/v2\/pages\/630\/revisions\/784"}],"wp:attachment":[{"href":"https:\/\/boldt-project.com\/index.php?rest_route=%2Fwp%2Fv2%2Fmedia&parent=630"}],"curies":[{"name":"wp","href":"https:\/\/api.w.org\/{rel}","templated":true}]}}