{"id":696,"date":"2022-07-18T18:36:02","date_gmt":"2022-07-18T18:36:02","guid":{"rendered":"https:\/\/boldt-project.com\/?page_id=696"},"modified":"2022-09-07T13:04:35","modified_gmt":"2022-09-07T13:04:35","slug":"fachbereiche","status":"publish","type":"page","link":"https:\/\/boldt-project.com\/?page_id=696","title":{"rendered":"Fachbereiche"},"content":{"rendered":"[vc_row][vc_column width=&#8220;1\/2&#8243;][vc_column_text]\n<h4>B\u00fcro- und Wohnkomplexe<\/h4>\n<p>Das Bauen von B\u00fcro- und Wohnkomplexen stellt immer unterschiedliche Anforderungen an architektonischem wie auch technischem Know-How. Die Boldt project management konnte in den vergangenen Jahren zahlreiche Projekte auf diesem Gebiet erfolgreich realisieren. Insbesondere das ausgewogene Verh\u00e4ltnis aus Wohlf\u00fchlcharakter f\u00fcr den Nutzer ist uns sehr wichtig und auch das zu realisierende technische multifunktionale Bauten zeichnet uns immer wieder aus.<br \/>\n[\/vc_column_text][\/vc_column][vc_column width=&#8220;1\/2&#8243;][vc_single_image image=&#8220;650&#8243; img_size=&#8220;medium&#8220; alignment=&#8220;center&#8220;][\/vc_column][\/vc_row][vc_row][vc_column width=&#8220;1\/2&#8243;][vc_single_image image=&#8220;655&#8243; img_size=&#8220;medium&#8220; alignment=&#8220;center&#8220;][\/vc_column][vc_column width=&#8220;1\/2&#8243;][vc_column_text]\n<h4>Hotellerie &#8211; Hospitality<\/h4>\n<p>Es wird nicht immer das modernste und architektonisch hochwertige Konzept als regional sinnvolles Hotel entwickelt, sondern das Zusammenspielen von Qualit\u00e4t und Leistungen im Einklang eines jeweiligen Hotelbetriebes. Ein Beherbergungsbetrieb macht nur Sinn, wenn sich sowohl Eigent\u00fcmer, Betreiber wie auch die G\u00e4ste darin wohlf\u00fchlen. Mit unseren Kreativideen sorgen wir f\u00fcr das baulich optimale Umsetzungskonzept im Sinne von \u00e4u\u00dfert wichtigen Attributen wie Terminen, Kosten und Qualit\u00e4ten. Die Corona Pandemie hat allen Know-How sowie fachspezifischen Eigent\u00fcmern und Investoren gezeigt, dass man neue Wege beschreiten muss, um ein wirtschaftliches Konzept umzusetzen.[\/vc_column_text][\/vc_column][\/vc_row][vc_row][vc_column width=&#8220;1\/2&#8243;][vc_column_text]\n<h4>Revitalisierungen<\/h4>\n<p>Spezielle Anforderungen von Immobilen brauchen zuverl\u00e4ssige und kompetente Umsetzungsstrategien und fachm\u00e4nnische Qualifikationen in Bauen im Bestand. Wir haben bereits Retails, Hotels, Einkaufszentren, Wohnungen, Krankenh\u00e4user, Schwimmb\u00e4der, Parkdecks, Flachd\u00e4cher, sowie weitere Spezialimmobilien als auch Seniorenresidenzen als gemeinn\u00fctzige Einrichtungen theoretisch und praktisch umgesetzt. Wir planen erst bevor wir bauen. Auch hoch komplexe Objekte mit speziellen Anforderungen an technische Systeme und bauliche Eigenschaften wurden mehrfach realisiert. Bauzeiten und Kosten wurden\u00a0 stets eingehalten.[\/vc_column_text][\/vc_column][vc_column width=&#8220;1\/2&#8243;][vc_single_image image=&#8220;661&#8243; img_size=&#8220;medium&#8220; alignment=&#8220;center&#8220;][\/vc_column][\/vc_row][vc_row][vc_column width=&#8220;1\/2&#8243;][vc_single_image image=&#8220;663&#8243; img_size=&#8220;medium&#8220; alignment=&#8220;center&#8220;][\/vc_column][vc_column width=&#8220;1\/2&#8243;][vc_column_text]\n<h4>Systemgastronomie &#8211; Hospitality<\/h4>\n<p>Vornehmlich die differenzierten Anspr\u00fcche unterschiedlicher Gastronomiekonzepte sind unsere Herausforderung. Von der Planung bis hin zu einer wirtschaftlich effizienten Ausstattung begleiten Sie unsere Spezialisten durch Ihr Projekt. Durch die Vielzahl der bundesweiten Netzwerke in allen Gewerken des Baugewerbes ist in den fast 30 Jahren ein gewachsen Bestand entstanden, der uns immer einen terminlichen und wirtschaftlichen Vorteil verschafft.[\/vc_column_text][\/vc_column][\/vc_row]\n","protected":false},"excerpt":{"rendered":"<p>[vc_row][vc_column width=&#8220;1\/2&#8243;][vc_column_text] B\u00fcro- und Wohnkomplexe Das Bauen von B\u00fcro- und<a class=\"read-more\" href=\"https:\/\/boldt-project.com\/?page_id=696\">&#8230;<\/a><\/p>\n","protected":false},"author":1,"featured_media":0,"parent":0,"menu_order":0,"comment_status":"closed","ping_status":"closed","template":"","meta":{"footnotes":""},"class_list":["post-696","page","type-page","status-publish","hentry"],"_links":{"self":[{"href":"https:\/\/boldt-project.com\/index.php?rest_route=\/wp\/v2\/pages\/696","targetHints":{"allow":["GET"]}}],"collection":[{"href":"https:\/\/boldt-project.com\/index.php?rest_route=\/wp\/v2\/pages"}],"about":[{"href":"https:\/\/boldt-project.com\/index.php?rest_route=\/wp\/v2\/types\/page"}],"author":[{"embeddable":true,"href":"https:\/\/boldt-project.com\/index.php?rest_route=\/wp\/v2\/users\/1"}],"replies":[{"embeddable":true,"href":"https:\/\/boldt-project.com\/index.php?rest_route=%2Fwp%2Fv2%2Fcomments&post=696"}],"version-history":[{"count":13,"href":"https:\/\/boldt-project.com\/index.php?rest_route=\/wp\/v2\/pages\/696\/revisions"}],"predecessor-version":[{"id":741,"href":"https:\/\/boldt-project.com\/index.php?rest_route=\/wp\/v2\/pages\/696\/revisions\/741"}],"wp:attachment":[{"href":"https:\/\/boldt-project.com\/index.php?rest_route=%2Fwp%2Fv2%2Fmedia&parent=696"}],"curies":[{"name":"wp","href":"https:\/\/api.w.org\/{rel}","templated":true}]}}